{"id":249,"date":"2021-01-10T10:54:21","date_gmt":"2021-01-10T10:54:21","guid":{"rendered":"http:\/\/www.minddala.ml\/?post_type=product&#038;p=249"},"modified":"2022-01-21T16:32:57","modified_gmt":"2022-01-21T16:32:57","slug":"velika-mandala-1m","status":"publish","type":"product","link":"http:\/\/www.minddala.eu\/?product=velika-mandala-1m","title":{"rendered":"Izdelava mandale po naro\u010dilu"},"content":{"rendered":"","protected":false},"excerpt":{"rendered":"<p>Vsaka mandala je sestavljena iz preje (bomba\u017e, akril &#8211; vsebnost posamezne je odvisno od izbire preje) in kovinskega obro\u010da. Je kva\u010dkana in delo je nakva\u010dkano na kovinski obro\u010d, ki poskrbi, da se oblika \u010dim bolje ohrani.&nbsp;<\/p>\n<p>\u010cas izdelave mandale je odvisen od velikosti mandale in koliko naro\u010dil imam v &#8216;obdelavi&#8217;. Na primer, za eno 100cm mandalo potrebujem okoli 40-80 ur dela (lahko traja 2 tedna ali ve\u010d).<\/p>\n<h3>Kako naro\u010diti mandalo:&nbsp;<\/h3>\n<h4><b>1.Izbira barve<\/b><\/h4>\n<p>Na zalogi imam nekaj prej, kjer se barve lepo prelivajo. Uskladimo se glede barvne kombinacije, v kolikor dolo\u010denega \u017eelenega prelivanja nimam na voljo, potem lahko poi\u0161\u010dem in naro\u010dim, vendar se podalj\u0161a \u010das izdelave in cena. Pri barvnih prelivanjih ni mo\u017eno uporabiti prej &#8216;svetle\u010dih&#8217; barv, kot npr. zlate, srebrne in podobno. Lahko je cela mandala tudi enobarvna.<\/p>\n<h4><strong>2.Izbira velikosti<\/strong><\/h4>\n<p>Na voljo so obro\u010di velikosti 20, 30, 35, 40, 45, 50, 60, 100 cm. Ve\u010djih obro\u010dev \u017eal (\u0161e) nimam \ud83d\ude42 So pa na opcijo tudi manj\u0161i, za kak\u0161ne mini lovilce sanj, 10 cm, 12 cm, 15 cm.&nbsp;<\/p>\n<h4><strong>3.Izbira vzorca\/motiva<\/strong><\/h4>\n<p>Do sedaj sem izdelala \u017ee kar nekaj razli\u010dnih vzorcev, za razli\u010dne velikosti. Dolo\u010deni vzorci so namenjeni velikim mandalam, dolo\u010deni pa manj\u0161im. Lahko se uporabi ve\u010dji vzorec pri manj\u0161i mandali, ampak bo izpadel druga\u010de, ker ga bo potrebno&nbsp; prilagoditi. Na dru\u017eabnih omre\u017ejih redno objavljam razli\u010dne vzorce mandal in ve\u010d kot jih je, te\u017eje se je odlo\u010diti :)))&nbsp;<\/p>\n<h4><strong>4. Cena<\/strong><\/h4>\n<p>Cena za mandalo je odvisna od velikosti in kompliciranosti vzorca. Npr. 100 cm je obi\u010dajno nekje okoli 150\u20ac. 50 cm so okoli 70\u20ac.<\/p>\n<h4><strong>5. Dostava<\/strong><\/h4>\n<p>Dostava je vse po dogovoru. Obi\u010dajno metrske mandale dostavim sama, \u010de imam kak\u0161no pot v bli\u017eino, saj ne zaupam po\u0161ti, pa tudi dostava bi bila zelo draga. Dogovorimo se tudi lahko, da vsak naredi polovico poti\/\u010de ima kdo drugi kak\u0161no pot mimo, ipd.<\/p>\n<h4><strong>Primeri kombinacij vzorcev in barv:<\/strong><\/h4>\n[ngg src=\"galleries\" ids=\"2\" display=\"basic_slideshow\"]\n","protected":false},"featured_media":349,"template":"","meta":{"ngg_post_thumbnail":0},"product_brand":[],"product_cat":[18],"product_tag":[],"class_list":{"0":"post-249","1":"product","2":"type-product","3":"status-publish","4":"has-post-thumbnail","6":"product_cat-velika-mandala","7":"product_shipping_class-100cm","9":"first","10":"instock","11":"featured","12":"shipping-taxable","13":"product-type-simple","14":"czr-hentry"},"_links":{"self":[{"href":"http:\/\/www.minddala.eu\/index.php?rest_route=\/wp\/v2\/product\/249","targetHints":{"allow":["GET"]}}],"collection":[{"href":"http:\/\/www.minddala.eu\/index.php?rest_route=\/wp\/v2\/product"}],"about":[{"href":"http:\/\/www.minddala.eu\/index.php?rest_route=\/wp\/v2\/types\/product"}],"wp:featuredmedia":[{"embeddable":true,"href":"http:\/\/www.minddala.eu\/index.php?rest_route=\/wp\/v2\/media\/349"}],"wp:attachment":[{"href":"http:\/\/www.minddala.eu\/index.php?rest_route=%2Fwp%2Fv2%2Fmedia&parent=249"}],"wp:term":[{"taxonomy":"product_brand","embeddable":true,"href":"http:\/\/www.minddala.eu\/index.php?rest_route=%2Fwp%2Fv2%2Fproduct_brand&post=249"},{"taxonomy":"product_cat","embeddable":true,"href":"http:\/\/www.minddala.eu\/index.php?rest_route=%2Fwp%2Fv2%2Fproduct_cat&post=249"},{"taxonomy":"product_tag","embeddable":true,"href":"http:\/\/www.minddala.eu\/index.php?rest_route=%2Fwp%2Fv2%2Fproduct_tag&post=249"}],"curies":[{"name":"wp","href":"https:\/\/api.w.org\/{rel}","templated":true}]}}