{"id":34,"date":"2020-12-22T07:47:08","date_gmt":"2020-12-22T07:47:08","guid":{"rendered":"http:\/\/www.minddala.ml\/?page_id=34"},"modified":"2021-01-04T13:30:34","modified_gmt":"2021-01-04T13:30:34","slug":"lovilec-sanj","status":"publish","type":"page","link":"http:\/\/www.minddala.eu\/?page_id=34","title":{"rendered":"Lovilec SANJ"},"content":{"rendered":"<p class=\"has-text-align-center\">Vsak lovilec sanj nosi svojo zgodbo. Vsak je unikatno narejen, s svojo energijo.<\/p><hr class=\"wp-block-separator\"\/><p>Pripadniki starih kultur so sanjam pripisovali velik pomen, ker so verjeli, da so sanje povezava z bo\u017eanskim in da so v njih skrita sporo\u010dila prednikov. Po legendi severnoameri\u0161kih Indijancev (primarni izvor naj bi pripisovali plemenu Ojibwa)&nbsp;naj bi lovilci sanj ujeli dobre sanje in ji spustili navzdol po perescih do osebe ki spi pod njimi, slabe sanje pa naj bi u\u0161le skozi mre\u017eico.<\/p><p>O nastanku lovilcev sanj obstaja ve\u010d legend, a vse v bistvu nosijo isti pomen: obramba pred slabimi mislimi, idejami, sanjami, energijami, du\u0161ami \u2026 <\/p><ul class=\"wp-block-list\"><li>Prva govori o bolnem \u0161amanu, ki je bil oku\u017een s slabimi sanjami in vizijami. Oboro\u017een z zdravilnim kolesom se je odpravil v gozd ter tam zaspal pod drevesom. \u010cez no\u010d je \u010dez kolo, ki je viselo nad njegovo glavo, pajek spletel svojo mre\u017eo, na sredini pa pustil praznino. Vanjo se je ujelo pero sove, ki je v tem \u010dasu priletela mimo. \u0160aman se je iz spanca zbudil kot prerojen, odpravljene so bile tudi slabe sanje in misli. Ko je v kolesu zagledal pajkovo mre\u017eo in pero, je ozdravitev pripisal kar temu ter za\u010del ugotovitve \u0161iriti dalje.<\/li><\/ul><ul class=\"wp-block-list\"><li>Druga govori o \u017eenski pajku po imenu Asibikaashi, ki je bila za\u0161\u010ditnica otrok. Varovala jih je pred slabimi sanjami in jim omogo\u010dala miren spanec. A s\u010dasoma so se prebivalci plemena porazgubili po Severni Ameriki, kar ji je znatno ote\u017eilo delo. Ker zanje ni mogla ve\u010d paziti, so babice svojim vnukom in vnukinjam za\u010dele plesti \u010darobne mre\u017ee in jih obe\u0161ati nad postelje. Te so ujele vse more in jih s prvim jutranjim \u017earkom tudi uni\u010dile.<\/li><\/ul><ul class=\"wp-block-list\"><li>Tretja se za\u010dne z Lakoto, spiritualnim voditeljem, ki je na gori dobil vizijo. Prikazal se mu je Iktomi (veliki \u0161aljivec, prevarant in iskalec znanja) v podobi pajka in z njim v svetem jeziku spregovoril o ciklu \u017eivljenja. Med govorjenjem je s tal pobral obro\u010d iz vrbe, ki je imel obe\u0161eno perje, konjsko dlako, bisere in darove, ga za\u010del vrteti in tkati sveto mre\u017eo. Vsak cikel prinese sile, tako dobre kot slabe, ki lahko vplivajo na \u017eivljenje. \u010ce prisluhnemo dobrim, nas bodo vodile v pravo smer, \u010de pa prisluhnemo slabim, smo lahko na koncu mo\u010dno ranjeni. Ob kon\u010danem govoru mu je izro\u010dil prvi lovilec sanj, za katerega je rekel: \u00bbTo je popolni krog z luknjo na sredi. Z mre\u017eo pomagaj ljudem dose\u010di cilje. Naj svoje ideje, sanje in vizije dobro uporabijo. \u010ce verjame\u0161 v velikega duha, bo mre\u017ea filtrirala tvoje dobre ideje in ujela slabe.\u00ab<\/li><\/ul><hr class=\"wp-block-separator\"\/><p><strong>Sestava &#8211; simbolika<\/strong><\/p><p>Vsak del lovilca sanj ima svoj posebni pomen.<\/p><ul class=\"wp-block-list\"><li><strong>Obro\u010d<\/strong> je med \u0161tevilnimi Indijanci simbol mo\u010di in enotnosti, v tem primeru pa primarno simbolizira ravno cikel \u017eivljenja. Prav tako nakazuje na\u0161o povezavo z Zemljo, naravo in vsem, kar nas obdaja, ter tako temelji na ideji, da smo vsi eno. Povezujejo ga tudi z obliko sonca in lune, ki sta v njihovi kulturi igrala pomembno vlogo. Navsezadnje je ravno sonce tisto, ki zjutraj izni\u010di slabo in da novo energijo.<\/li><\/ul><ul class=\"wp-block-list\"><li><strong>Mre\u017ea<\/strong> je glavni lovilec slabih misli in je tako seveda sredi\u0161\u010de celotne umetnine. Slu\u017ei kot nekak\u0161en stra\u017ear, je pa tudi tkalec na\u0161ega \u017eivljenja. Mre\u017ea je popolnoma ro\u010dno delo, je kva\u010dkana s posebnimi vzorci, katerih vsak nosi svojo energijo. <\/li><\/ul><ul class=\"wp-block-list\"><li><strong>Peresa<\/strong> so na lovilcu sanj, zato da spustijo dobre sanje navzdol proti nam. Pri izbiri peresa, ki je na posameznem lovilcu, sem vedno \u017eelela dose\u010di posebno energijo, ki jo nosi mre\u017ea in jo podalj\u0161ala v pero. <\/li><\/ul><ul class=\"wp-block-list\"><li>Bunkice, dodatki&#8230; simbolizirajo dvoje. Na eni strani pajke, ki mre\u017eo seveda stkejo, na drugi pa dobre sanje, ki jim pono\u010di vseeno ni uspelo najti poti do peres in so se tako materializirale kot blagoslovljeni kamni.<\/li><\/ul><p><strong>Pomembno:<\/strong>\u00a0lovilce sanj je priporo\u010dljivo redno \u010distiti s kadili, kot je posu\u0161en \u017eajbelj, in ga postaviti kdaj tudi na sonce &#8211;\u00a0 tako se osvobodijo vseh slabih energij.\u00a0<\/p><hr class=\"wp-block-separator\"\/>","protected":false},"excerpt":{"rendered":"<p>Vsak lovilec sanj nosi svojo zgodbo. Vsak je unikatno narejen, s svojo energijo. Pripadniki starih kultur so sanjam pripisovali velik pomen, ker so verjeli, da so sanje povezava z bo\u017eanskim in da so v njih skrita sporo\u010dila prednikov. Po legendi severnoameri\u0161kih Indijancev (primarni izvor naj bi pripisovali plemenu Ojibwa)&nbsp;naj bi lovilci sanj ujeli dobre sanje [&hellip;]<\/p>\n","protected":false},"author":1,"featured_media":174,"parent":0,"menu_order":0,"comment_status":"closed","ping_status":"closed","template":"","meta":{"ngg_post_thumbnail":0,"footnotes":""},"class_list":["post-34","page","type-page","status-publish","has-post-thumbnail","czr-hentry"],"_links":{"self":[{"href":"http:\/\/www.minddala.eu\/index.php?rest_route=\/wp\/v2\/pages\/34","targetHints":{"allow":["GET"]}}],"collection":[{"href":"http:\/\/www.minddala.eu\/index.php?rest_route=\/wp\/v2\/pages"}],"about":[{"href":"http:\/\/www.minddala.eu\/index.php?rest_route=\/wp\/v2\/types\/page"}],"author":[{"embeddable":true,"href":"http:\/\/www.minddala.eu\/index.php?rest_route=\/wp\/v2\/users\/1"}],"replies":[{"embeddable":true,"href":"http:\/\/www.minddala.eu\/index.php?rest_route=%2Fwp%2Fv2%2Fcomments&post=34"}],"version-history":[{"count":9,"href":"http:\/\/www.minddala.eu\/index.php?rest_route=\/wp\/v2\/pages\/34\/revisions"}],"predecessor-version":[{"id":234,"href":"http:\/\/www.minddala.eu\/index.php?rest_route=\/wp\/v2\/pages\/34\/revisions\/234"}],"wp:featuredmedia":[{"embeddable":true,"href":"http:\/\/www.minddala.eu\/index.php?rest_route=\/wp\/v2\/media\/174"}],"wp:attachment":[{"href":"http:\/\/www.minddala.eu\/index.php?rest_route=%2Fwp%2Fv2%2Fmedia&parent=34"}],"curies":[{"name":"wp","href":"https:\/\/api.w.org\/{rel}","templated":true}]}}